{"id":10,"date":"2024-01-31T16:27:45","date_gmt":"2024-01-31T15:27:45","guid":{"rendered":"https:\/\/sleepmed.ch\/?page_id=10"},"modified":"2024-12-16T18:01:21","modified_gmt":"2024-12-16T17:01:21","slug":"schlafprobleme","status":"publish","type":"page","link":"https:\/\/sleepmed.ch\/index.php\/schlafprobleme\/","title":{"rendered":"Welches Schlafproblem dr\u00fcckt Sie?"},"content":{"rendered":"\n<p>In enger Zusammenarbeit mit Haus\u00e4rzten, Fach\u00e4rzten und Kliniken finden wir die Ursachen Ihrer Schlafst\u00f6rungen und Ihrer schlafbedingten Tagesbeschwerden:<\/p>\n\n\n\n<p><a href=\"https:\/\/sleepmed.ch\/index.php\/schlaflosigkeit-insomnie\/\" data-type=\"page\" data-id=\"54\">Schlaflosigkeit<\/a> (Insomnie): Schwierigkeiten beim Ein- oder Durchschlafen. \u00b7 Atemaussetzer im Schlaf (Schlafapnoe) \u00b7 <a href=\"https:\/\/sleepmed.ch\/index.php\/schnarchen\/\" data-type=\"page\" data-id=\"58\">Schnarchen<\/a> \u00b7 Tagesschl\u00e4frigkeit: \u00dcberm\u00e4ssige <a href=\"https:\/\/sleepmed.ch\/index.php\/uebermaessige-tagesmuedigkeit\/\" data-type=\"page\" data-id=\"66\">Tagesm\u00fcdigkeit<\/a> trotz ausreichend Schlaf. \u00b7 Pl\u00f6tzliche <a href=\"https:\/\/sleepmed.ch\/index.php\/schlafanfaelle-narkolepsie\/\" data-type=\"page\" data-id=\"68\">Schlafanf\u00e4lle <\/a>im Verlaufe des Tages (Narkolepsie) \u00b7 Unangenehmer <a href=\"https:\/\/sleepmed.ch\/index.php\/bewegungsdrang-in-den-beinen-restless-legs-syndrom\/\" data-type=\"page\" data-id=\"71\">Bewegungsdrang<\/a> und Missempfindungen in den Beinen, besonders im Ruhezustand (Restless-Legs-Syndrom) \u00b7 Periodische, unkontrollierte <a href=\"https:\/\/sleepmed.ch\/index.php\/periodische-bewegungen-der-beine-im-schlaf\/\" data-type=\"page\" data-id=\"73\">Beinbewegungen<\/a> im Schlaf \u00b7 <a href=\"https:\/\/sleepmed.ch\/index.php\/aufwachen-mit-atemnot-und-erstickungsangst\/\" data-type=\"page\" data-id=\"75\">Aufwachen<\/a> mit Atemnot und Erstickungsangst (n\u00e4chtliche Dyspnoe) \u00b7 <a href=\"https:\/\/sleepmed.ch\/index.php\/verhaltensauffaelligkeiten-im-schlaf-parasomnien\/\" data-type=\"page\" data-id=\"77\">Verhaltensauff\u00e4lligkeiten<\/a> im Schlaf (Parasomnien): Schlafwandeln; Nachtschreck (Pavor nocturnus) mit unruhigen Handlungen oder Schreckreaktionen w\u00e4hrend des Schlafs; Z\u00e4hneknirschen (Bruxismus); Schlaf-Ess-St\u00f6rung (n\u00e4chtliches-Essen-Syndrom); REM-Schlafverhaltensst\u00f6rung (RBD); aggressive Handlungen im Schlaf; Schlafl\u00e4hmung (Schlafparalyse): vor\u00fcbergehende Unf\u00e4higkeit, sich zu bewegen oder zu sprechen, manchmal verbunden mit Halluzinationen \u00b7 <a href=\"https:\/\/sleepmed.ch\/index.php\/stoerungen-im-schlaf-wach-rhythmus\/\" data-type=\"page\" data-id=\"319\">St\u00f6rungen im Schlaf-Wach-Rhythmus,<\/a> auch zirkadiane Schlaf-Wach-Rhythmusst\u00f6rungen genannt, wegen Jetlag, unregelm\u00e4ssiger Arbeitszeiten, h\u00e4ufiger \u00c4nderungen der Schlafzeiten o.\u00e4. \u00b7 Schlafst\u00f6rungen im <a href=\"https:\/\/sleepmed.ch\/index.php\/schlafstoerungen-im-alter\/\" data-type=\"page\" data-id=\"79\">Alter<\/a>.<\/p>\n\n\n\n<p>Sprechen Sie offen mit uns: Wir gehen Ihrem Schlafproblem sorgf\u00e4ltig und geduldig auf den Grund.<\/p>\n","protected":false},"excerpt":{"rendered":"<p>In enger Zusammenarbeit mit Haus\u00e4rzten, Fach\u00e4rzten und Kliniken finden wir die Ursachen Ihrer Schlafst\u00f6rungen und Ihrer schlafbedingten Tagesbeschwerden: Schlaflosigkeit (Insomnie): Schwierigkeiten beim Ein- oder Durchschlafen. \u00b7 Atemaussetzer im Schlaf (Schlafapnoe) \u00b7 Schnarchen \u00b7 Tagesschl\u00e4frigkeit: \u00dcberm\u00e4ssige Tagesm\u00fcdigkeit trotz ausreichend Schlaf. \u00b7 Pl\u00f6tzliche Schlafanf\u00e4lle im Verlaufe des Tages (Narkolepsie) \u00b7 Unangenehmer Bewegungsdrang und Missempfindungen in den Beinen, [&hellip;]<\/p>\n","protected":false},"author":1,"featured_media":0,"parent":0,"menu_order":0,"comment_status":"closed","ping_status":"closed","template":"","meta":{"footnotes":""},"class_list":["post-10","page","type-page","status-publish","hentry"],"_links":{"self":[{"href":"https:\/\/sleepmed.ch\/index.php\/wp-json\/wp\/v2\/pages\/10","targetHints":{"allow":["GET"]}}],"collection":[{"href":"https:\/\/sleepmed.ch\/index.php\/wp-json\/wp\/v2\/pages"}],"about":[{"href":"https:\/\/sleepmed.ch\/index.php\/wp-json\/wp\/v2\/types\/page"}],"author":[{"embeddable":true,"href":"https:\/\/sleepmed.ch\/index.php\/wp-json\/wp\/v2\/users\/1"}],"replies":[{"embeddable":true,"href":"https:\/\/sleepmed.ch\/index.php\/wp-json\/wp\/v2\/comments?post=10"}],"version-history":[{"count":11,"href":"https:\/\/sleepmed.ch\/index.php\/wp-json\/wp\/v2\/pages\/10\/revisions"}],"predecessor-version":[{"id":333,"href":"https:\/\/sleepmed.ch\/index.php\/wp-json\/wp\/v2\/pages\/10\/revisions\/333"}],"wp:attachment":[{"href":"https:\/\/sleepmed.ch\/index.php\/wp-json\/wp\/v2\/media?parent=10"}],"curies":[{"name":"wp","href":"https:\/\/api.w.org\/{rel}","templated":true}]}}