{"id":16,"date":"2024-01-31T16:28:17","date_gmt":"2024-01-31T15:28:17","guid":{"rendered":"https:\/\/sleepmed.ch\/?page_id=16"},"modified":"2026-02-09T10:34:40","modified_gmt":"2026-02-09T09:34:40","slug":"ueber-uns","status":"publish","type":"page","link":"https:\/\/sleepmed.ch\/index.php\/ueber-uns\/","title":{"rendered":"Das Zentrum f\u00fcr Schlafmedizin ZSM AG Hirslanden"},"content":{"rendered":"\n<p><mark style=\"background-color:rgba(0, 0, 0, 0)\" class=\"has-inline-color has-vivid-cyan-blue-color\"><strong>Unser Team:<\/strong><\/mark> Wir legen grossen Wert auf eine vetrauensvolle, pers\u00f6nliche Beziehung mit Ihnen und mit Ihrem zuweisenden Arzt. <\/p>\n\n\n\n<p>Lernen Sie hier unser <a href=\"https:\/\/sleepmed.ch\/index.php\/somnologisches-team\/\" data-type=\"page\" data-id=\"91\">somnologisches Team<\/a> und unsere <a href=\"https:\/\/sleepmed.ch\/index.php\/mitarbeiterinnen\/\" data-type=\"page\" data-id=\"94\">Mitarbeiterinnen<\/a> kennen.<\/p>\n\n\n\n<p><mark style=\"background-color:rgba(0, 0, 0, 0)\" class=\"has-inline-color has-vivid-cyan-blue-color\"><strong>Das Zentrum f\u00fcr Schlafmedizin <\/strong><\/mark>ist ein f\u00fchrendes ambulantes Zentrum f\u00fcr Diagnostik, Beratung und Therapie bei allen Schlafst\u00f6rungen und schlafbedingten Tagesbeschwerden. Das Zentrum ist im Jahre 1998 vom LungenZentrum Hirslanden und dem Somnologen Dr. phil. Daniel Brunner auf dem Gel\u00e4nde der Z\u00fcrcher Hirslanden-Klinik gegr\u00fcndet worden. Es stehen Ihnen erfahrene Somnologen \u2013 Spezialisten der Schlafmedizin \u2013 und modernste Einrichtungen zur Verf\u00fcgung. Wir pflegen eine fach\u00fcbergreifende medizinische Zusammenarbeit und f\u00fchren eine Schlafsprechstunde. In bestimmten F\u00e4llen sind telemedizinische Konsultationen m\u00f6glich.<\/p>\n\n\n\n<p><mark style=\"background-color:rgba(0, 0, 0, 0)\" class=\"has-inline-color has-vivid-cyan-blue-color\"><strong>Technische Einrichtung:<\/strong><\/mark> Die Polysomnografie, die \u00fcberwachte n\u00e4chtliche Schlafregistrierung, sowie die Polygrafie und die Aktigrafie, die Schlafaufzeichnung in Ihrer h\u00e4uslichen Umgebung, sind m\u00f6glich. Wir passen Ihre bestehende Schlafapnoe-Therapie (CPAP, APAP, BiLevel, ASV) an und beraten Sie zu Alternativen.<\/p>\n\n\n\n<p><mark style=\"background-color:rgba(0, 0, 0, 0)\" class=\"has-inline-color has-vivid-cyan-blue-color\"><strong>Krankenkassen<\/strong>: <\/mark>St\u00f6rungen des Schlafes werden von den Krankenkassen als Gesundheitsst\u00f6rungen anerkannt. Alle unsere Dienstleistungen (Diagnostik, Therapie und Beratung) werden ambulant erbracht, stehen Patienten aller Versicherungsklassen offen und werden durch alle Krankenkassen gem\u00e4ss Krankenversicherungsgesetz (KVG) bezahlt.<\/p>\n\n\n\n<p><mark style=\"background-color:rgba(0, 0, 0, 0)\" class=\"has-inline-color has-vivid-cyan-blue-color\"><strong>Zertifizierung<\/strong>:<\/mark> Die Zentrum f\u00fcr Schlafmedizin AG Hirslanden ist von der Schweizerischen Gesellschaft f\u00fcr Schlafforschung, Schlafmedizin und Chronobiologie SGSSC zertifiziert und dadurch kassenanerkannt.<\/p>\n","protected":false},"excerpt":{"rendered":"<p>Unser Team: Wir legen grossen Wert auf eine vetrauensvolle, pers\u00f6nliche Beziehung mit Ihnen und mit Ihrem zuweisenden Arzt. Lernen Sie hier unser somnologisches Team und unsere Mitarbeiterinnen kennen. Das Zentrum f\u00fcr Schlafmedizin ist ein f\u00fchrendes ambulantes Zentrum f\u00fcr Diagnostik, Beratung und Therapie bei allen Schlafst\u00f6rungen und schlafbedingten Tagesbeschwerden. Das Zentrum ist im Jahre 1998 vom [&hellip;]<\/p>\n","protected":false},"author":1,"featured_media":0,"parent":0,"menu_order":0,"comment_status":"closed","ping_status":"closed","template":"","meta":{"footnotes":""},"class_list":["post-16","page","type-page","status-publish","hentry"],"_links":{"self":[{"href":"https:\/\/sleepmed.ch\/index.php\/wp-json\/wp\/v2\/pages\/16","targetHints":{"allow":["GET"]}}],"collection":[{"href":"https:\/\/sleepmed.ch\/index.php\/wp-json\/wp\/v2\/pages"}],"about":[{"href":"https:\/\/sleepmed.ch\/index.php\/wp-json\/wp\/v2\/types\/page"}],"author":[{"embeddable":true,"href":"https:\/\/sleepmed.ch\/index.php\/wp-json\/wp\/v2\/users\/1"}],"replies":[{"embeddable":true,"href":"https:\/\/sleepmed.ch\/index.php\/wp-json\/wp\/v2\/comments?post=16"}],"version-history":[{"count":17,"href":"https:\/\/sleepmed.ch\/index.php\/wp-json\/wp\/v2\/pages\/16\/revisions"}],"predecessor-version":[{"id":476,"href":"https:\/\/sleepmed.ch\/index.php\/wp-json\/wp\/v2\/pages\/16\/revisions\/476"}],"wp:attachment":[{"href":"https:\/\/sleepmed.ch\/index.php\/wp-json\/wp\/v2\/media?parent=16"}],"curies":[{"name":"wp","href":"https:\/\/api.w.org\/{rel}","templated":true}]}}