{"id":2,"date":"2024-01-31T15:10:40","date_gmt":"2024-01-31T14:10:40","guid":{"rendered":"https:\/\/sleepmed.ch\/?page_id=2"},"modified":"2025-07-07T17:41:57","modified_gmt":"2025-07-07T15:41:57","slug":"beispiel-seite","status":"publish","type":"page","link":"https:\/\/sleepmed.ch\/","title":{"rendered":"Wer wach sein will, muss schlafen k\u00f6nnen!"},"content":{"rendered":"\n<p>Die gute Nachricht f\u00fcr Sie: F\u00fcr praktisch alle Schlafprobleme gibt es wirkungsvolle Therapien \u2013 wenn man vorher ihre Ursache fachm\u00e4nnisch feststellt hat. Schlafst\u00f6rungen und Tagesschl\u00e4frigkeit sind recht h\u00e4ufig; in vielen F\u00e4llen sind sie die Ursache mangelnder Lebensqualit\u00e4t und Leistungsf\u00e4higkeit.<\/p>\n\n\n\n<p>Immer mehr Menschen leiden oft \u00fcber lange Zeit unter zerm\u00fcrbenden Problemen im Zusammenhang mit dem Schlaf: Sie k\u00f6nnen nicht ein- oder durchschlafen, sie wachen m\u00fcde und mit Kopfschmerzen auf, sie schnarchen, sie schrecken im Schlaf auf. Das f\u00fchrt zu Ersch\u00f6pfung, zu Unf\u00e4llen wegen Schl\u00e4frigkeit, zu verminderter Arbeits- und Lernleistung, zum Beziehungsproblemen und einem Rattenschwanz weiterer Unbill.<\/p>\n\n\n\n<p>Es liegt auf der Hand, dass Schlafst\u00f6rungen nicht unbehandelt bleiben d\u00fcrfen. Im Zentrum f\u00fcr Schlafmedizin AG Hirslanden nehmen wir uns Ihres Schlafes an: Wir kl\u00e4ren nach den neuesten schlafmedizinischen Erkenntnissen sorgf\u00e4ltig die Ursachen Ihrer Schlafprobleme ab und zeigen Ihnen pragmatische Wege, wie Sie wieder erholsam schlafen und leistungsf\u00e4hig werden. Wir freuen uns auf das erste Gespr\u00e4ch mit Ihnen. F\u00fcr praktisch alle Schlafprobleme gibt es gezielte und wirkungsvolle Therapien. Voraussetzung ist, dass man die Ursache der St\u00f6rung fachm\u00e4nnisch feststellt.<\/p>\n\n\n\n<p>Wir geben Ihnen Ihre <mark style=\"background-color:rgba(0, 0, 0, 0)\" class=\"has-inline-color has-vivid-cyan-blue-color\"><strong>Lebensfreude und Leistungsf\u00e4higkeit<\/strong><\/mark> zur\u00fcck!<\/p>\n","protected":false},"excerpt":{"rendered":"<p>Die gute Nachricht f\u00fcr Sie: F\u00fcr praktisch alle Schlafprobleme gibt es wirkungsvolle Therapien \u2013 wenn man vorher ihre Ursache fachm\u00e4nnisch feststellt hat. Schlafst\u00f6rungen und Tagesschl\u00e4frigkeit sind recht h\u00e4ufig; in vielen F\u00e4llen sind sie die Ursache mangelnder Lebensqualit\u00e4t und Leistungsf\u00e4higkeit. Immer mehr Menschen leiden oft \u00fcber lange Zeit unter zerm\u00fcrbenden Problemen im Zusammenhang mit dem Schlaf: [&hellip;]<\/p>\n","protected":false},"author":1,"featured_media":0,"parent":0,"menu_order":0,"comment_status":"closed","ping_status":"open","template":"","meta":{"footnotes":""},"class_list":["post-2","page","type-page","status-publish","hentry"],"_links":{"self":[{"href":"https:\/\/sleepmed.ch\/index.php\/wp-json\/wp\/v2\/pages\/2","targetHints":{"allow":["GET"]}}],"collection":[{"href":"https:\/\/sleepmed.ch\/index.php\/wp-json\/wp\/v2\/pages"}],"about":[{"href":"https:\/\/sleepmed.ch\/index.php\/wp-json\/wp\/v2\/types\/page"}],"author":[{"embeddable":true,"href":"https:\/\/sleepmed.ch\/index.php\/wp-json\/wp\/v2\/users\/1"}],"replies":[{"embeddable":true,"href":"https:\/\/sleepmed.ch\/index.php\/wp-json\/wp\/v2\/comments?post=2"}],"version-history":[{"count":16,"href":"https:\/\/sleepmed.ch\/index.php\/wp-json\/wp\/v2\/pages\/2\/revisions"}],"predecessor-version":[{"id":425,"href":"https:\/\/sleepmed.ch\/index.php\/wp-json\/wp\/v2\/pages\/2\/revisions\/425"}],"wp:attachment":[{"href":"https:\/\/sleepmed.ch\/index.php\/wp-json\/wp\/v2\/media?parent=2"}],"curies":[{"name":"wp","href":"https:\/\/api.w.org\/{rel}","templated":true}]}}