{"id":20,"date":"2024-01-31T16:28:33","date_gmt":"2024-01-31T15:28:33","guid":{"rendered":"https:\/\/sleepmed.ch\/?page_id=20"},"modified":"2025-04-10T10:15:07","modified_gmt":"2025-04-10T08:15:07","slug":"links","status":"publish","type":"page","link":"https:\/\/sleepmed.ch\/index.php\/links\/","title":{"rendered":"Links"},"content":{"rendered":"\n<p>Die folgenden \u00c4rzte sind mit uns verbunden und f\u00fcr uns t\u00e4tig:<\/p>\n\n\n\n<p><mark style=\"background-color:rgba(0, 0, 0, 0)\" class=\"has-inline-color has-vivid-cyan-blue-color\"><strong>Pneumologie: <\/strong><\/mark><br><a href=\"https:\/\/lungenzentrum.ch\/\" data-type=\"link\" data-id=\"https:\/\/lungenzentrum.ch\/\" target=\"_blank\" rel=\"noreferrer noopener\">Dr. med. Karl Klingler<\/a>, LungenZentrum Hirslanden, Z\u00fcrich, <a href=\"https:\/\/lungenzentrum.ch\/\" data-type=\"link\" data-id=\"https:\/\/lungenzentrum.ch\/\" target=\"_blank\" rel=\"noreferrer noopener\">Dr. med. Andreas Piecyk<\/a>, LungenZentrum Hirslanden, Z\u00fcrich, <a href=\"https:\/\/lungenzentrum.ch\/\" data-type=\"link\" data-id=\"https:\/\/lungenzentrum.ch\/\" target=\"_blank\" rel=\"noreferrer noopener\">Prof. Dr. med. Carlos Cardoso<\/a>, LungenZentrum Hirslanden, Z\u00fcrich, <a href=\"https:\/\/lungenzentrum.ch\/\" data-type=\"link\" data-id=\"https:\/\/lungenzentrum.ch\/\" target=\"_blank\" rel=\"noreferrer noopener\">PD Dr. med. Maurice Roeder<\/a>, LungenZentrum Hirslanden, Z\u00fcrich,<\/p>\n\n\n\n<p><mark style=\"background-color:rgba(0, 0, 0, 0)\" class=\"has-inline-color has-vivid-cyan-blue-color\"><strong>Neurologie:<\/strong><\/mark><br><a href=\"http:\/\/www.professorkeck.ch\/\" data-type=\"link\" data-id=\"http:\/\/www.professorkeck.ch\/\" target=\"_blank\" rel=\"noreferrer noopener\">Prof. Dr. Dr. med. Martin Keck<\/a>, M\u00e4nnedorf ZH sowie Rehaklinik Seewis GR, <a href=\"https:\/\/www.kopfwww.ch\/ueber-uns\/das-team\/reto-agosti\/\" data-type=\"link\" data-id=\"https:\/\/www.kopfwww.ch\/ueber-uns\/das-team\/reto-agosti\/\" target=\"_blank\" rel=\"noreferrer noopener\">Dr. med. Reto Agosti<\/a>, Kopfwehzentrum Hirslanden, Z\u00fcrich, <a href=\"https:\/\/www.hirslanden.ch\/de\/corporate\/aerzte\/1\/pd-dr-med-dominik-zumsteg.html\" data-type=\"link\" data-id=\"https:\/\/www.hirslanden.ch\/de\/corporate\/aerzte\/1\/pd-dr-med-dominik-zumsteg.html\" target=\"_blank\" rel=\"noreferrer noopener\">PD Dr. med. Dominik Zumsteg<\/a>, Neurozentrum Hirslanden, Z\u00fcrich<\/p>\n\n\n\n<p><mark style=\"background-color:rgba(0, 0, 0, 0)\" class=\"has-inline-color has-vivid-cyan-blue-color\"><strong>Psychiatrie:<\/strong><\/mark><br><a href=\"http:\/\/www.professorkeck.ch\/\" data-type=\"link\" data-id=\"http:\/\/www.professorkeck.ch\/\" target=\"_blank\" rel=\"noreferrer noopener\">Prof. Dr. Dr. med. Martin Keck<\/a>, M\u00e4nnedorf ZH sowie Rehaklinik Seewis GR<\/p>\n\n\n\n<p><mark style=\"background-color:rgba(0, 0, 0, 0)\" class=\"has-inline-color has-vivid-cyan-blue-color\"><strong>ORL:<\/strong><\/mark><br><a href=\"https:\/\/www.hirslanden.ch\/de\/corporate\/aerzte\/2\/kd-dr-med-hans-rudolf-briner.html\" data-type=\"link\" data-id=\"https:\/\/www.hirslanden.ch\/de\/corporate\/aerzte\/2\/kd-dr-med-hans-rudolf-briner.html\" target=\"_blank\" rel=\"noreferrer noopener\">KD Dr. med. Hans Rudolf Briner<\/a>, ORL-Zentrum Hirslanden, Z\u00fcrich, <a href=\"https:\/\/gartenmatt.ch\/team\/\" data-type=\"link\" data-id=\"https:\/\/gartenmatt.ch\/team\/\" target=\"_blank\" rel=\"noreferrer noopener\">Dr. med. Darko Perko<\/a>, Praxisgemeinschaft Gartenmatt, B\u00fclach, <a href=\"https:\/\/www.hirslanden.ch\/de\/corporate\/aerzte\/3\/prof-dr-med-daniel-simmen.html\" data-type=\"link\" data-id=\"https:\/\/www.hirslanden.ch\/de\/corporate\/aerzte\/3\/prof-dr-med-daniel-simmen.html\" target=\"_blank\" rel=\"noreferrer noopener\">Prof. Dr. med. Daniel Simmen<\/a>, ORL-Zentrum Hirslanden, Z\u00fcrich<\/p>\n\n\n\n<p><mark style=\"background-color:rgba(0, 0, 0, 0)\" class=\"has-inline-color has-vivid-cyan-blue-color\"><strong>Kardiologie: <\/strong><\/mark><br><a href=\"https:\/\/www.hirslanden.ch\/de\/corporate\/aerzte\/3\/dr-med-patrick-siegrist.html\" data-type=\"link\" data-id=\"https:\/\/www.hirslanden.ch\/de\/corporate\/aerzte\/3\/dr-med-patrick-siegrist.html\" target=\"_blank\" rel=\"noreferrer noopener\">Dr. med. Patrick Siegrist<\/a>, HerzZentrum Hirslanden, Z\u00fcrich<\/p>\n\n\n\n<p><mark style=\"background-color:rgba(0, 0, 0, 0)\" class=\"has-inline-color has-vivid-cyan-blue-color\"><strong>Stoffwechsel:<\/strong><\/mark> <br><a href=\"https:\/\/www.hirslanden.ch\/de\/corporate\/aerzte\/2\/dr-med-david-infanger.html\" target=\"_blank\" rel=\"noreferrer noopener\">Dr. med. David Infanger<\/a>, AdipositasZentrum Hirslanden, Z\u00fcrich<\/p>\n\n\n\n<p><br><mark style=\"background-color:rgba(0, 0, 0, 0)\" class=\"has-inline-color has-vivid-cyan-blue-color\"><strong>LungenZentrum Hirslanden<br><\/strong><\/mark>Mit dem LungenZentrum Hirslanden sind wir seit Beginn unseres Bestehens eng verbunden. Es bietet die umfassende fach\u00e4rztliche Abkl\u00e4rung, Diagnose und Therapie aller Lungenkrankheiten. <a href=\"https:\/\/lungenzentrum.ch\/\" target=\"_blank\" rel=\"noreferrer noopener\">Website<\/a><\/p>\n\n\n\n<p><mark style=\"background-color:rgba(0, 0, 0, 0)\" class=\"has-inline-color has-vivid-cyan-blue-color\"><strong>Klinik Hirslanden Z\u00fcrich<\/strong> <\/mark><br>Wir arbeiten seit vielen Jahren mit \u00c4rzten der Z\u00fcrcher Privatklinik Hirslanden zusammen. Die Klinik steht Patienten aller Versicherungsklassen offen. <a href=\"https:\/\/www.hirslanden.ch\/de\/klinik-hirslanden\/home.html\" data-type=\"link\" data-id=\"https:\/\/www.hirslanden.ch\/de\/klinik-hirslanden\/home.html\" target=\"_blank\" rel=\"noreferrer noopener\">Website<\/a><\/p>\n\n\n\n<p><mark style=\"background-color:rgba(0, 0, 0, 0)\" class=\"has-inline-color has-vivid-cyan-blue-color\"><strong>SOS Oxyg\u00e8ne<\/strong><\/mark><br>Betreuung von Patienten mit Lungen- und Atemwegserkrankungen rund um die Uhr an sieben Tagen in der Woche zu Hause mit ausgezeichneten Ger\u00e4ten der neuesten Generation und pers\u00f6nlicher Betreuung. <a href=\"https:\/\/sosoxygene.ch\/?lang=de\" target=\"_blank\" rel=\"noreferrer noopener\">Website<\/a><br><\/p>\n\n\n\n<figure class=\"wp-block-image size-large is-resized\"><a href=\"https:\/\/www.jivita.ch\/\"><img loading=\"lazy\" decoding=\"async\" width=\"1024\" height=\"215\" src=\"https:\/\/sleepmed.ch\/wp-content\/uploads\/2025\/03\/Jivita-1024x215.png\" alt=\"\" class=\"wp-image-349\" style=\"width:171px;height:auto\" srcset=\"https:\/\/sleepmed.ch\/wp-content\/uploads\/2025\/03\/Jivita-1024x215.png 1024w, https:\/\/sleepmed.ch\/wp-content\/uploads\/2025\/03\/Jivita-300x63.png 300w, https:\/\/sleepmed.ch\/wp-content\/uploads\/2025\/03\/Jivita-768x161.png 768w, https:\/\/sleepmed.ch\/wp-content\/uploads\/2025\/03\/Jivita-1536x322.png 1536w, https:\/\/sleepmed.ch\/wp-content\/uploads\/2025\/03\/Jivita-2048x429.png 2048w\" sizes=\"auto, (max-width: 1024px) 100vw, 1024px\" \/><\/a><\/figure>\n\n\n\n<p><mark style=\"background-color:rgba(0, 0, 0, 0)\" class=\"has-inline-color has-vivid-cyan-blue-color\"><strong>Jivita \u00b7 Zentrum f\u00fcr integrative Medizin<br><\/strong><\/mark>Ganzheitlich gesund werden und leben: Zentrum f\u00fcr integrative Medizin, eine Kombination aus Schul- und Komplement\u00e4rmedizin, die Symptome behandelt, Ursachen ergr\u00fcndet und Pr\u00e4vention erm\u00f6glicht. <a href=\"https:\/\/www.jivita.ch\/\">Website<\/a><\/p>\n\n\n\n<p><mark style=\"background-color:rgba(0, 0, 0, 0)\" class=\"has-inline-color has-vivid-cyan-blue-color\"><strong>Smart Body Mass Index SBMI<br><\/strong><\/mark>Dieser Rechner kalkuliert den Body-Mass-Index (BMI) auf eine besonders smarte Weise und bewertet ihn individuell f\u00fcr M\u00e4nner, Frauen, Kinder, Jugendliche und Senioren. <a href=\"https:\/\/de.smartbmicalculator.com\/warum.html\" data-type=\"link\" data-id=\"https:\/\/de.smartbmicalculator.com\/warum.html\" target=\"_blank\" rel=\"noreferrer noopener\">Berechnung<\/a><\/p>\n\n\n\n<p><mark style=\"background-color:rgba(0, 0, 0, 0)\" class=\"has-inline-color has-vivid-cyan-blue-color\"><strong>Lungenkrebsfr\u00fcherkennung<\/strong><\/mark><br>Das gemeinn\u00fctzige Nationale Programm zur Fr\u00fcherkennung von Lungenkrebs steht Personen offen, die ein erh\u00f6htes Risiko tragen, an Lungenkrebs zu erkranken, zum Beispiel Rauchern und ehemaligen Rauchern. <a href=\"https:\/\/lungendiagnostik.ch\/\" target=\"_blank\" rel=\"noreferrer noopener\">Selbsttest<\/a><\/p>\n","protected":false},"excerpt":{"rendered":"<p>Die folgenden \u00c4rzte sind mit uns verbunden und f\u00fcr uns t\u00e4tig: Pneumologie: Dr. med. Karl Klingler, LungenZentrum Hirslanden, Z\u00fcrich, Dr. med. Andreas Piecyk, LungenZentrum Hirslanden, Z\u00fcrich, Prof. Dr. med. Carlos Cardoso, LungenZentrum Hirslanden, Z\u00fcrich, PD Dr. med. Maurice Roeder, LungenZentrum Hirslanden, Z\u00fcrich, Neurologie:Prof. Dr. Dr. med. Martin Keck, M\u00e4nnedorf ZH sowie Rehaklinik Seewis GR, Dr. [&hellip;]<\/p>\n","protected":false},"author":1,"featured_media":0,"parent":0,"menu_order":0,"comment_status":"closed","ping_status":"closed","template":"","meta":{"footnotes":""},"class_list":["post-20","page","type-page","status-publish","hentry"],"_links":{"self":[{"href":"https:\/\/sleepmed.ch\/index.php\/wp-json\/wp\/v2\/pages\/20","targetHints":{"allow":["GET"]}}],"collection":[{"href":"https:\/\/sleepmed.ch\/index.php\/wp-json\/wp\/v2\/pages"}],"about":[{"href":"https:\/\/sleepmed.ch\/index.php\/wp-json\/wp\/v2\/types\/page"}],"author":[{"embeddable":true,"href":"https:\/\/sleepmed.ch\/index.php\/wp-json\/wp\/v2\/users\/1"}],"replies":[{"embeddable":true,"href":"https:\/\/sleepmed.ch\/index.php\/wp-json\/wp\/v2\/comments?post=20"}],"version-history":[{"count":19,"href":"https:\/\/sleepmed.ch\/index.php\/wp-json\/wp\/v2\/pages\/20\/revisions"}],"predecessor-version":[{"id":364,"href":"https:\/\/sleepmed.ch\/index.php\/wp-json\/wp\/v2\/pages\/20\/revisions\/364"}],"wp:attachment":[{"href":"https:\/\/sleepmed.ch\/index.php\/wp-json\/wp\/v2\/media?parent=20"}],"curies":[{"name":"wp","href":"https:\/\/api.w.org\/{rel}","templated":true}]}}