{"id":22,"date":"2024-01-31T16:28:42","date_gmt":"2024-01-31T15:28:42","guid":{"rendered":"https:\/\/sleepmed.ch\/?page_id=22"},"modified":"2025-04-26T20:55:21","modified_gmt":"2025-04-26T18:55:21","slug":"newsletter","status":"publish","type":"page","link":"https:\/\/sleepmed.ch\/index.php\/newsletter\/","title":{"rendered":"Sleepletter"},"content":{"rendered":"\n<p><mark style=\"background-color:rgba(0, 0, 0, 0)\" class=\"has-inline-color has-vivid-cyan-blue-color\"><strong>Abonnieren Sie unseren Newsletter: <\/strong><\/mark>In n\u00e4herer Zukunft senden wir Ihnen unseren Sleepletter mit interessanten Informationen \u00fcber den Schlaf, \u00fcber Schlafst\u00f6rungen und deren Diagnose und Therapie, \u00fcber Schlafhygiene und Forschungsergebnisse.<\/p>\n\n\n\n<div class=\"tnp tnp-subscription \">\n<form method=\"post\" action=\"https:\/\/sleepmed.ch\/?na=s\">\n<input type=\"hidden\" name=\"nlang\" value=\"\">\n<div class=\"tnp-field tnp-field-email\"><label for=\"tnp-1\">E-Mail<\/label>\n<input class=\"tnp-email\" type=\"email\" name=\"ne\" id=\"tnp-1\" value=\"\" placeholder=\"E-Mail\" required><\/div>\n<div class=\"tnp-field tnp-field-profile\"><label for=\"tnp-2\">Vorname<\/label>\n<input class=\"tnp-profile tnp-profile-1\" id=\"tnp-profile_1\" type=\"text\" size=\"\" name=\"np1\" placeholder=\"Vorname\" required><\/div>\n<div class=\"tnp-field tnp-field-profile\"><label for=\"tnp-3\">Nachname<\/label>\n<input class=\"tnp-profile tnp-profile-2\" id=\"tnp-profile_2\" type=\"text\" size=\"\" name=\"np2\" placeholder=\"Nachname\" required><\/div>\n<div class=\"tnp-field tnp-field-profile\"><label for=\"tnp-4\">PLZ<\/label>\n<input class=\"tnp-profile tnp-profile-3\" id=\"tnp-profile_3\" type=\"text\" size=\"\" name=\"np3\" placeholder=\"PLZ\" required><\/div>\n<div class=\"tnp-field tnp-field-profile\"><label for=\"tnp-5\">Ort<\/label>\n<input class=\"tnp-profile tnp-profile-4\" id=\"tnp-profile_4\" type=\"text\" size=\"\" name=\"np4\" placeholder=\"Ort\" required><\/div>\n<div class=\"tnp-field tnp-field-profile\"><label for=\"tnp-6\">Sie sind<\/label>\n<select class=\"tnp-profile tnp-profile-5\" id=\"tnp-profile_5\" name=\"np5\" required><option value=\"\" selected disabled>Sie sind<\/option><option>Allgemeinarzt<\/option><option>Privat<\/option><option>Facharzt<\/option><option>Medien<\/option><option>Andere<\/option><\/select>\n<\/div>\n<div class=\"tnp-field tnp-privacy-field\"><label><input type=\"checkbox\" name=\"ny\" required class=\"tnp-privacy\"> <a target=\"_blank\" href=\"https:\/\/sleepmed.ch\/index.php\/impressum\/\">Ich akzeptiere die Datenschutzerkl\u00e4rung<\/a><\/label><\/div><div class=\"tnp-field tnp-field-button\" style=\"text-align: left\"><input class=\"tnp-submit\" type=\"submit\" value=\"Newsletter abonieren\" style=\"\">\n<\/div>\n<\/form>\n<\/div>\n\n\n\n\n<p>Der Sleepletter ist f\u00fcr in der Schweiz ans\u00e4ssige Personen und Unternehmen erh\u00e4ltlich. Wenn Sie ihn beziehen m\u00f6chten, melden Sie sich bitte an. Mit dem Newsletter versenden wir Informationen und Angebote. Ihre Daten werden von einem WordPress <a href=\"https:\/\/wordpress.org\/plugins\/newsletter\/\" target=\"_blank\" rel=\"noreferrer noopener\">Newsletter Plugin<\/a> verarbeitet. Sie k\u00f6nnen Ihr Abonnement jederzeit widerrufen und die L\u00f6schung Ihrer Daten verlangen.<\/p>\n","protected":false},"excerpt":{"rendered":"<p>Abonnieren Sie unseren Newsletter: In n\u00e4herer Zukunft senden wir Ihnen unseren Sleepletter mit interessanten Informationen \u00fcber den Schlaf, \u00fcber Schlafst\u00f6rungen und deren Diagnose und Therapie, \u00fcber Schlafhygiene und Forschungsergebnisse. Der Sleepletter ist f\u00fcr in der Schweiz ans\u00e4ssige Personen und Unternehmen erh\u00e4ltlich. Wenn Sie ihn beziehen m\u00f6chten, melden Sie sich bitte an. Mit dem Newsletter versenden [&hellip;]<\/p>\n","protected":false},"author":1,"featured_media":0,"parent":0,"menu_order":0,"comment_status":"closed","ping_status":"closed","template":"","meta":{"footnotes":""},"class_list":["post-22","page","type-page","status-publish","hentry"],"_links":{"self":[{"href":"https:\/\/sleepmed.ch\/index.php\/wp-json\/wp\/v2\/pages\/22","targetHints":{"allow":["GET"]}}],"collection":[{"href":"https:\/\/sleepmed.ch\/index.php\/wp-json\/wp\/v2\/pages"}],"about":[{"href":"https:\/\/sleepmed.ch\/index.php\/wp-json\/wp\/v2\/types\/page"}],"author":[{"embeddable":true,"href":"https:\/\/sleepmed.ch\/index.php\/wp-json\/wp\/v2\/users\/1"}],"replies":[{"embeddable":true,"href":"https:\/\/sleepmed.ch\/index.php\/wp-json\/wp\/v2\/comments?post=22"}],"version-history":[{"count":12,"href":"https:\/\/sleepmed.ch\/index.php\/wp-json\/wp\/v2\/pages\/22\/revisions"}],"predecessor-version":[{"id":366,"href":"https:\/\/sleepmed.ch\/index.php\/wp-json\/wp\/v2\/pages\/22\/revisions\/366"}],"wp:attachment":[{"href":"https:\/\/sleepmed.ch\/index.php\/wp-json\/wp\/v2\/media?parent=22"}],"curies":[{"name":"wp","href":"https:\/\/api.w.org\/{rel}","templated":true}]}}