{"id":26,"date":"2024-01-31T16:29:04","date_gmt":"2024-01-31T15:29:04","guid":{"rendered":"https:\/\/sleepmed.ch\/?page_id=26"},"modified":"2026-03-20T15:57:30","modified_gmt":"2026-03-20T14:57:30","slug":"kontakt","status":"publish","type":"page","link":"https:\/\/sleepmed.ch\/index.php\/kontakt\/","title":{"rendered":"Wie Sie zu uns gelangen"},"content":{"rendered":"\n<p>Zentrum f\u00fcr Schlafmedizin AG<br>Hirslanden Z\u00fcrich<br>Forchstrasse 420<br>8702 Zollikon<br>Telefon : 043 499 52 11<br>SMS: <strong>077 963 73 38<\/strong><br><a href=\"mailto:info.sleepmed@hin.ch\">info.sleepmed@hin.ch<\/a><br><a href=\"https:\/\/sleepmed.ch\/wp-content\/uploads\/2025\/11\/Wegbeschreibung-ZSM-Zollikon.pdf\" data-type=\"attachment\" data-id=\"472\" target=\"_blank\" rel=\"noreferrer noopener\">Wegbeschreibung<\/a><\/p>\n\n\n\n<p><mark style=\"background-color:rgba(0, 0, 0, 0)\" class=\"has-inline-color has-vivid-cyan-blue-color\"><strong>Anmeldung:<\/strong><\/mark><br>Wie Sie Ihre Patienten oder sich als Selbstzuweiser <a href=\"https:\/\/sleepmed.ch\/index.php\/anmeldung\/\" data-type=\"page\" data-id=\"24\">anmelden<\/a>.<\/p>\n\n\n\n<p><\/p>\n\n\n\n<p><mark style=\"background-color:rgba(0, 0, 0, 0)\" class=\"has-inline-color has-vivid-cyan-blue-color\"><strong>\u00d6ffnungszeiten:<\/strong><\/mark><br>Montag bis Freitag, 8 bis 11.30 und 13.30 bis 16 Uhr.&nbsp;<\/p>\n\n\n\n<p>Telemedizinische Konsultationen und Konsultationen ausserhalb der \u00fcblichen Gesch\u00e4ftszeiten sind in bestimmten F\u00e4llen m\u00f6glich.&nbsp;Fragen Sie uns!<\/p>\n\n\n\n<p>Wenn unser Telefon besetzt ist und wir Ihre Nummer erkennen k\u00f6nnen, rufen wir Sie an.&nbsp;<\/p>\n\n\n\n<p><a href=\"mailto:info.sleepmed@hin.ch\">Verlangen Sie<\/a>&nbsp;einen R\u00fcckruf f\u00fcr eine Terminvereinbarung.<\/p>\n\n\n\n<p><a href=\"https:\/\/sleepmed.ch\/index.php\/impressum\/\" data-type=\"page\" data-id=\"28\">Hier<\/a> gelangen Sie zu unserem Impressum und unserer Datenschutzerkl\u00e4rung. <\/p>\n\n\n\n<p class=\"has-vivid-red-color has-text-color has-link-color wp-elements-aad6da02ffbfd490bd68e32753f767f7\"><mark style=\"background-color:rgba(0, 0, 0, 0)\" class=\"has-inline-color has-vivid-red-color\"><strong>Aktuell \u2013 \u00c4rztefortbildung am Donnerstag, 28.5.2026<\/strong><\/mark><br>F\u00fcr die<strong><em>\u00c4rztefortbildung<\/em><\/strong> \u00abL\u00f6sungen aus der Praxis f\u00fcr Ihre Patienten: Schlafmedizin f\u00fcr Hausarzt- und Facharztpatienten\u00bb am Donnerstag, 28. Mai 2026, k\u00f6nnen Sie sich <strong><a href=\"mailto:info.sleepmed@hin.ch?subject=Anmeldung%20zur%20%C3%84rztefortbildung%20am%20Donnerstag%2C%2028.5.2026&amp;body=Ich%20melde%20mich%20an%20zur%20%C3%84rztefortbildung%20am%20Donnerstag%2C%2028.5.2026%2C%20im%20Auditorium%20der%20Klinik%20Hirslanden%20Z%C3%BCrich%20am%20Donnerstag%2C%2028.5.2026%2C%20ab%2015.00%20Uhr%0AName%28n%29%20und%20Praxis%3A\" target=\"_blank\" rel=\"noreferrer noopener\">hier<\/a><\/strong> anmelden.<\/p>\n\n\n\n<p><\/p>\n","protected":false},"excerpt":{"rendered":"<p>Zentrum f\u00fcr Schlafmedizin AGHirslanden Z\u00fcrichForchstrasse 4208702 ZollikonTelefon : 043 499 52 11SMS: 077 963 73 38info.sleepmed@hin.chWegbeschreibung Anmeldung:Wie Sie Ihre Patienten oder sich als Selbstzuweiser anmelden. \u00d6ffnungszeiten:Montag bis Freitag, 8 bis 11.30 und 13.30 bis 16 Uhr.&nbsp; Telemedizinische Konsultationen und Konsultationen ausserhalb der \u00fcblichen Gesch\u00e4ftszeiten sind in bestimmten F\u00e4llen m\u00f6glich.&nbsp;Fragen Sie uns! Wenn unser Telefon besetzt [&hellip;]<\/p>\n","protected":false},"author":1,"featured_media":0,"parent":0,"menu_order":0,"comment_status":"closed","ping_status":"closed","template":"","meta":{"footnotes":""},"class_list":["post-26","page","type-page","status-publish","hentry"],"_links":{"self":[{"href":"https:\/\/sleepmed.ch\/index.php\/wp-json\/wp\/v2\/pages\/26","targetHints":{"allow":["GET"]}}],"collection":[{"href":"https:\/\/sleepmed.ch\/index.php\/wp-json\/wp\/v2\/pages"}],"about":[{"href":"https:\/\/sleepmed.ch\/index.php\/wp-json\/wp\/v2\/types\/page"}],"author":[{"embeddable":true,"href":"https:\/\/sleepmed.ch\/index.php\/wp-json\/wp\/v2\/users\/1"}],"replies":[{"embeddable":true,"href":"https:\/\/sleepmed.ch\/index.php\/wp-json\/wp\/v2\/comments?post=26"}],"version-history":[{"count":29,"href":"https:\/\/sleepmed.ch\/index.php\/wp-json\/wp\/v2\/pages\/26\/revisions"}],"predecessor-version":[{"id":483,"href":"https:\/\/sleepmed.ch\/index.php\/wp-json\/wp\/v2\/pages\/26\/revisions\/483"}],"wp:attachment":[{"href":"https:\/\/sleepmed.ch\/index.php\/wp-json\/wp\/v2\/media?parent=26"}],"curies":[{"name":"wp","href":"https:\/\/api.w.org\/{rel}","templated":true}]}}