{"id":28,"date":"2024-01-31T16:29:17","date_gmt":"2024-01-31T15:29:17","guid":{"rendered":"https:\/\/sleepmed.ch\/?page_id=28"},"modified":"2024-08-11T14:55:58","modified_gmt":"2024-08-11T12:55:58","slug":"impressum","status":"publish","type":"page","link":"https:\/\/sleepmed.ch\/index.php\/impressum\/","title":{"rendered":"Impressum, Datenschutz und Enthaftung"},"content":{"rendered":"\n<p>Zentrum f\u00fcr Schlafmedizin AG Hirslanden<br>Forchstrasse 420<br>8702 Zollikon<br>CHE-137.134.233<\/p>\n\n\n\n<p>Diese Website richtet sich an Ben\u00fctzer in der Schweiz und wird gem\u00e4ss Schweizer Datenschutzgesetz (nDSG) betrieben. Wer die Website besucht, akzeptiert die Regeln, die in der Schweiz gelten. Die Betreiberin der Website sammelt keine Cookies und keine weiteren Angaben \u00fcber die Besucher, es sei denn, der Besucher richte sich wissentlich und willentlich pers\u00f6nlich, telefonisch, per E-Mail oder brieflich an den Betreiber der Website. Der Inhalt dieser Seiten ist nach bestem Wissen zusammengestellt worden. Es wird weder Gew\u00e4hr f\u00fcr Aktualit\u00e4t, Richtigkeit und Vollst\u00e4ndigkeit der Informationen auf diesen Seiten noch f\u00fcr den st\u00f6rungsfreien Zugang \u00fcbernommen. F\u00fcr den Fall, dass in Programmen oder Inhalten Fehler enthalten sein sollten, wird die Haftung ausgeschlossen. Der Betreiber der Website distanziert sich ausdr\u00fccklich von allen Inhalten s\u00e4mtlicher verlinkter Seiten von dieser Website und auf seine Website; er verweist darauf, dass er weder Einfluss auf Gestaltung und Inhalte der verlinkten und der verlinkenden Seiten hat noch sich diese Inhalte zu eigen macht. Mit dem Bet\u00e4tigen eines Links verlassen Sie das Informationsangebot der Website. F\u00fcr die Angebote Dritter k\u00f6nnen abweichende Regelungen gelten. \u00b7 Personen und Unternehmen, die in der Schweiz ans\u00e4ssig sind, stellen wir auf Bestellung einen Newsletter zur Verf\u00fcgung. Mit dem Newsletter versenden wir Informationen und Angebote. Die daf\u00fcr ben\u00f6tigten Daten werden von einem Drittanbieter verarbeitet. Sie k\u00f6nnen Ihr Newsletterabonnement jederzeit widerrufen und die L\u00f6schung Ihrer Daten verlangen. \u00b7 Irrt\u00fcmer und \u00c4nderungen vorbehalten. \u00b7 Aus Gr\u00fcnden der leichteren Lesbarkeit verzichten wir auf eine geschlechterspezifische Differenzierung. Wo es sinnvoll ist, gelten die verwendeten Begriffe f\u00fcr beide Geschlechter.<\/p>\n","protected":false},"excerpt":{"rendered":"<p>Zentrum f\u00fcr Schlafmedizin AG HirslandenForchstrasse 4208702 ZollikonCHE-137.134.233 Diese Website richtet sich an Ben\u00fctzer in der Schweiz und wird gem\u00e4ss Schweizer Datenschutzgesetz (nDSG) betrieben. Wer die Website besucht, akzeptiert die Regeln, die in der Schweiz gelten. Die Betreiberin der Website sammelt keine Cookies und keine weiteren Angaben \u00fcber die Besucher, es sei denn, der Besucher richte [&hellip;]<\/p>\n","protected":false},"author":1,"featured_media":0,"parent":0,"menu_order":0,"comment_status":"closed","ping_status":"closed","template":"","meta":{"footnotes":""},"class_list":["post-28","page","type-page","status-publish","hentry"],"_links":{"self":[{"href":"https:\/\/sleepmed.ch\/index.php\/wp-json\/wp\/v2\/pages\/28","targetHints":{"allow":["GET"]}}],"collection":[{"href":"https:\/\/sleepmed.ch\/index.php\/wp-json\/wp\/v2\/pages"}],"about":[{"href":"https:\/\/sleepmed.ch\/index.php\/wp-json\/wp\/v2\/types\/page"}],"author":[{"embeddable":true,"href":"https:\/\/sleepmed.ch\/index.php\/wp-json\/wp\/v2\/users\/1"}],"replies":[{"embeddable":true,"href":"https:\/\/sleepmed.ch\/index.php\/wp-json\/wp\/v2\/comments?post=28"}],"version-history":[{"count":4,"href":"https:\/\/sleepmed.ch\/index.php\/wp-json\/wp\/v2\/pages\/28\/revisions"}],"predecessor-version":[{"id":307,"href":"https:\/\/sleepmed.ch\/index.php\/wp-json\/wp\/v2\/pages\/28\/revisions\/307"}],"wp:attachment":[{"href":"https:\/\/sleepmed.ch\/index.php\/wp-json\/wp\/v2\/media?parent=28"}],"curies":[{"name":"wp","href":"https:\/\/api.w.org\/{rel}","templated":true}]}}