{"id":56,"date":"2024-05-20T14:31:40","date_gmt":"2024-05-20T12:31:40","guid":{"rendered":"https:\/\/sleepmed.ch\/?page_id=56"},"modified":"2024-05-20T14:34:31","modified_gmt":"2024-05-20T12:34:31","slug":"atemaussetzer-im-schlaf-schlafapnoe-syndrom","status":"publish","type":"page","link":"https:\/\/sleepmed.ch\/index.php\/atemaussetzer-im-schlaf-schlafapnoe-syndrom\/","title":{"rendered":"Atemaussetzer im Schlaf, Schlafapnoe-Syndrom"},"content":{"rendered":"\n<p>H\u00e4ufige Atemstillst\u00e4nde im Schlaf und damit einhergehend ein unterbrochener und nicht erholsamer Schlaf sind Symptome des Schlafapnoe-Syndroms. Vereinzelte Atempausen, nicht h\u00e4ufiger als f\u00fcnfmal pro Stunde, sind unbedenklich und k\u00f6nnen auch im gesunden Schlaf beobachtet werden.<\/p>\n\n\n\n<p><em>Obstruktive Atempausen<\/em>&nbsp;entstehen, wenn der Zungengrund die Luftr\u00f6hre verschliesst, weil die Muskulatur im Schlaf erschlafft. In der Folge wacht der Patient auf.<\/p>\n\n\n\n<p><em>Zentrale Atempausen<\/em>&nbsp;entstehen, wenn die vom Gehirn ausgehenden Atemimpulse vor\u00fcbergehend aussetzen. Die Atemwege bleiben bei dieser Form der Atemst\u00f6rung offen, und die Atmung setzt ungehindert wieder ein, wenn Bedarf nach Sauerstoff eintritt.<\/p>\n\n\n\n<p>Verbreitet ist das Schlafapnoe-Syndrom bei \u00fcbergewichtigen M\u00e4nnern mittleren Alters. Es ist eine h\u00e4ufige Ursache f\u00fcr gef\u00e4hrliche Tagesschl\u00e4frigkeit, f\u00fcr Antriebsmangel und Herz-Kreislauf-Beschwerden. F\u00fcr die Behandlung existieren wirksame Therapiemethoden. Die \u00dcberdrucktherapie mit CPAP-Ger\u00e4ten erm\u00f6glicht selbst in schweren F\u00e4llen die unbehinderte Atmung im Schlaf und die Normalisierung der Schlafqualit\u00e4t. Leistungsf\u00e4higkeit und Lebensqualit\u00e4t werden bei optimaler Behandlung auf eindr\u00fcckliche Art verbessert.<\/p>\n","protected":false},"excerpt":{"rendered":"<p>H\u00e4ufige Atemstillst\u00e4nde im Schlaf und damit einhergehend ein unterbrochener und nicht erholsamer Schlaf sind Symptome des Schlafapnoe-Syndroms. Vereinzelte Atempausen, nicht h\u00e4ufiger als f\u00fcnfmal pro Stunde, sind unbedenklich und k\u00f6nnen auch im gesunden Schlaf beobachtet werden. Obstruktive Atempausen&nbsp;entstehen, wenn der Zungengrund die Luftr\u00f6hre verschliesst, weil die Muskulatur im Schlaf erschlafft. In der Folge wacht der Patient [&hellip;]<\/p>\n","protected":false},"author":1,"featured_media":0,"parent":0,"menu_order":0,"comment_status":"closed","ping_status":"closed","template":"","meta":{"footnotes":""},"class_list":["post-56","page","type-page","status-publish","hentry"],"_links":{"self":[{"href":"https:\/\/sleepmed.ch\/index.php\/wp-json\/wp\/v2\/pages\/56","targetHints":{"allow":["GET"]}}],"collection":[{"href":"https:\/\/sleepmed.ch\/index.php\/wp-json\/wp\/v2\/pages"}],"about":[{"href":"https:\/\/sleepmed.ch\/index.php\/wp-json\/wp\/v2\/types\/page"}],"author":[{"embeddable":true,"href":"https:\/\/sleepmed.ch\/index.php\/wp-json\/wp\/v2\/users\/1"}],"replies":[{"embeddable":true,"href":"https:\/\/sleepmed.ch\/index.php\/wp-json\/wp\/v2\/comments?post=56"}],"version-history":[{"count":2,"href":"https:\/\/sleepmed.ch\/index.php\/wp-json\/wp\/v2\/pages\/56\/revisions"}],"predecessor-version":[{"id":63,"href":"https:\/\/sleepmed.ch\/index.php\/wp-json\/wp\/v2\/pages\/56\/revisions\/63"}],"wp:attachment":[{"href":"https:\/\/sleepmed.ch\/index.php\/wp-json\/wp\/v2\/media?parent=56"}],"curies":[{"name":"wp","href":"https:\/\/api.w.org\/{rel}","templated":true}]}}