{"id":58,"date":"2024-05-20T14:32:17","date_gmt":"2024-05-20T12:32:17","guid":{"rendered":"https:\/\/sleepmed.ch\/?page_id=58"},"modified":"2024-06-07T19:56:40","modified_gmt":"2024-06-07T17:56:40","slug":"schnarchen","status":"publish","type":"page","link":"https:\/\/sleepmed.ch\/index.php\/schnarchen\/","title":{"rendered":"Schnarchen"},"content":{"rendered":"\n<p>Schnarchger\u00e4usche entstehen durch Vibration von Weichteilgewebe im Gaumen- und Rachenbereich, weil Muskeln w\u00e4hrend des Schlafes erschlaffen. \u00dcbergewicht, Schlafen in R\u00fcckenlage, abendlicher Alkoholkonsum, Schlafmitteleinnahme, hormonelle Ver\u00e4nderungen, zum Beispiel in der Menopause, und erh\u00f6hte Atemwiderst\u00e4nde im Nasen- oder Rachenraum bei gekr\u00fcmmter Nasenscheidewand, bei Schnupfen, Kieferanomalien oder bei vergr\u00f6sserten Nasenmuscheln Mandeln oder Gaumenz\u00e4pfchen sind h\u00e4ufige Ursachen des Schnarchens.<\/p>\n\n\n\n<p>Schnarchen ohne Atemst\u00f6rungen kann zu Schwierigkeiten in der Paarbeziehung und im sozialen Leben f\u00fchren. Eine somnologische Abkl\u00e4rung, kombiniert mit einer spezial\u00e4rztlichen Untersuchung der anatomischen Verh\u00e4ltnisse in den oberen Atemwegen, liefert die Grundlagen f\u00fcr die optimale Therapiewahl. <\/p>\n\n\n\n<p>Zwischen dem gew\u00f6hnlichen Schnarchen und dem obstruktiven Schlafapnoe-Syndrom gibt es \u00dcberschneidungen. Deshalb sollten bei Patienten mit Symptomen eines Schlafapnoe-Syndroms mit einer Schlafregistrierung (Polysomnographie) eventuelle Atemst\u00f6rungen im Schlaf abgekl\u00e4rt werden, bevor chirurgische Massnahmen im Rachenraum erwogen werden.<\/p>\n","protected":false},"excerpt":{"rendered":"<p>Schnarchger\u00e4usche entstehen durch Vibration von Weichteilgewebe im Gaumen- und Rachenbereich, weil Muskeln w\u00e4hrend des Schlafes erschlaffen. \u00dcbergewicht, Schlafen in R\u00fcckenlage, abendlicher Alkoholkonsum, Schlafmitteleinnahme, hormonelle Ver\u00e4nderungen, zum Beispiel in der Menopause, und erh\u00f6hte Atemwiderst\u00e4nde im Nasen- oder Rachenraum bei gekr\u00fcmmter Nasenscheidewand, bei Schnupfen, Kieferanomalien oder bei vergr\u00f6sserten Nasenmuscheln Mandeln oder Gaumenz\u00e4pfchen sind h\u00e4ufige Ursachen des Schnarchens. [&hellip;]<\/p>\n","protected":false},"author":1,"featured_media":0,"parent":0,"menu_order":0,"comment_status":"closed","ping_status":"closed","template":"","meta":{"footnotes":""},"class_list":["post-58","page","type-page","status-publish","hentry"],"_links":{"self":[{"href":"https:\/\/sleepmed.ch\/index.php\/wp-json\/wp\/v2\/pages\/58","targetHints":{"allow":["GET"]}}],"collection":[{"href":"https:\/\/sleepmed.ch\/index.php\/wp-json\/wp\/v2\/pages"}],"about":[{"href":"https:\/\/sleepmed.ch\/index.php\/wp-json\/wp\/v2\/types\/page"}],"author":[{"embeddable":true,"href":"https:\/\/sleepmed.ch\/index.php\/wp-json\/wp\/v2\/users\/1"}],"replies":[{"embeddable":true,"href":"https:\/\/sleepmed.ch\/index.php\/wp-json\/wp\/v2\/comments?post=58"}],"version-history":[{"count":4,"href":"https:\/\/sleepmed.ch\/index.php\/wp-json\/wp\/v2\/pages\/58\/revisions"}],"predecessor-version":[{"id":181,"href":"https:\/\/sleepmed.ch\/index.php\/wp-json\/wp\/v2\/pages\/58\/revisions\/181"}],"wp:attachment":[{"href":"https:\/\/sleepmed.ch\/index.php\/wp-json\/wp\/v2\/media?parent=58"}],"curies":[{"name":"wp","href":"https:\/\/api.w.org\/{rel}","templated":true}]}}