{"id":66,"date":"2024-05-20T14:35:25","date_gmt":"2024-05-20T12:35:25","guid":{"rendered":"https:\/\/sleepmed.ch\/?page_id=66"},"modified":"2024-06-07T20:10:06","modified_gmt":"2024-06-07T18:10:06","slug":"uebermaessige-tagesmuedigkeit","status":"publish","type":"page","link":"https:\/\/sleepmed.ch\/index.php\/uebermaessige-tagesmuedigkeit\/","title":{"rendered":"\u00dcberm\u00e4ssige Tagesm\u00fcdigkeit"},"content":{"rendered":"\n<p>Die Gr\u00fcnde f\u00fcr \u00fcberm\u00e4ssige Tagesschl\u00e4frigkeit sind vielf\u00e4ltig. Eine nicht selten unbemerkte starke Fragmentierung des Schlafes mit h\u00e4ufigen Unterbrechungen des Nachtschlafes kann daf\u00fcr verantwortlich sein. Neben dem h\u00e4ufigen Schlafapnoe-Syndrom gibt es zahlreiche k\u00f6rperliche und \u00e4ussere Ursachen, die zu wiederholter St\u00f6rung und Aufhellung des Schlafes und zu folgender Tagesm\u00fcdigkeit f\u00fchren:  Bewegungsst\u00f6rungen, Reflux, Schmerzen im Schlaf und andere.<\/p>\n\n\n\n<p>Weitere Gr\u00fcnde f\u00fcr eine hohe Einschlafneigung im Verlaufe des Tages sind Schlafmangel wegen einer grunds\u00e4tzlich zu kurzen Schlafdauer, ung\u00fcnstige Schlafgewohnheiten, Schichtarbeit, Einnahme sedierender oder aufputschender Medikamente oder Genussmittel, St\u00f6rungen der Schlafregulation, psychische Erkrankungen sowie medizinische Probleme wie Schilddr\u00fcsenunterfunktion, Zuckerkrankheit, An\u00e4mie oder chronische Infekte.<\/p>\n\n\n\n<p>Eine hohe Schl\u00e4frigkeit mit Ank\u00e4mpfen gegen das Einschlafen ist im Strassenverkehr und im Alltag gef\u00e4hrlich; sie sollte so rasch wie m\u00f6glich fach\u00e4rztlich abgekl\u00e4rt werden. Neben dem Erheben aller notwendigen Informationen in der Schlafsprechstunde ist zur Abkl\u00e4rung krankhafter Einschlafneigung in manchen F\u00e4llen eine Schlafregistrierung (Polysomnographie) notwendig. Beim Verdacht auf Narkolepsie und zur Objektivierung der Schl\u00e4frigkeit sind gelegentlich auch Schlafregistrierungen w\u00e4hrend des Tages angezeigt.<\/p>\n","protected":false},"excerpt":{"rendered":"<p>Die Gr\u00fcnde f\u00fcr \u00fcberm\u00e4ssige Tagesschl\u00e4frigkeit sind vielf\u00e4ltig. Eine nicht selten unbemerkte starke Fragmentierung des Schlafes mit h\u00e4ufigen Unterbrechungen des Nachtschlafes kann daf\u00fcr verantwortlich sein. Neben dem h\u00e4ufigen Schlafapnoe-Syndrom gibt es zahlreiche k\u00f6rperliche und \u00e4ussere Ursachen, die zu wiederholter St\u00f6rung und Aufhellung des Schlafes und zu folgender Tagesm\u00fcdigkeit f\u00fchren: Bewegungsst\u00f6rungen, Reflux, Schmerzen im Schlaf und andere. [&hellip;]<\/p>\n","protected":false},"author":1,"featured_media":0,"parent":0,"menu_order":0,"comment_status":"closed","ping_status":"closed","template":"","meta":{"footnotes":""},"class_list":["post-66","page","type-page","status-publish","hentry"],"_links":{"self":[{"href":"https:\/\/sleepmed.ch\/index.php\/wp-json\/wp\/v2\/pages\/66","targetHints":{"allow":["GET"]}}],"collection":[{"href":"https:\/\/sleepmed.ch\/index.php\/wp-json\/wp\/v2\/pages"}],"about":[{"href":"https:\/\/sleepmed.ch\/index.php\/wp-json\/wp\/v2\/types\/page"}],"author":[{"embeddable":true,"href":"https:\/\/sleepmed.ch\/index.php\/wp-json\/wp\/v2\/users\/1"}],"replies":[{"embeddable":true,"href":"https:\/\/sleepmed.ch\/index.php\/wp-json\/wp\/v2\/comments?post=66"}],"version-history":[{"count":3,"href":"https:\/\/sleepmed.ch\/index.php\/wp-json\/wp\/v2\/pages\/66\/revisions"}],"predecessor-version":[{"id":183,"href":"https:\/\/sleepmed.ch\/index.php\/wp-json\/wp\/v2\/pages\/66\/revisions\/183"}],"wp:attachment":[{"href":"https:\/\/sleepmed.ch\/index.php\/wp-json\/wp\/v2\/media?parent=66"}],"curies":[{"name":"wp","href":"https:\/\/api.w.org\/{rel}","templated":true}]}}