{"id":68,"date":"2024-05-20T14:35:57","date_gmt":"2024-05-20T12:35:57","guid":{"rendered":"https:\/\/sleepmed.ch\/?page_id=68"},"modified":"2024-06-07T20:27:43","modified_gmt":"2024-06-07T18:27:43","slug":"schlafanfaelle-narkolepsie","status":"publish","type":"page","link":"https:\/\/sleepmed.ch\/index.php\/schlafanfaelle-narkolepsie\/","title":{"rendered":"Schlafanf\u00e4lle, Narkolepsie"},"content":{"rendered":"\n<p>Die Narkolepsie ist eine St\u00f6rung der Schlaf-Wach-Regulation.<\/p>\n\n\n\n<p>Sie zeigt sich mit Schlafattacken oder D\u00e4mmerzust\u00e4nden und mit kurzzeitiger Muskelschw\u00e4che bei intensiver Gef\u00fchlsregung. Weitere Symptome dieser St\u00f6rungn sind vor\u00fcbergehende Bewegungs- oder Sprechunf\u00e4higkeit an Schlaf-Wach-\u00dcberg\u00e4ngen, Angsttr\u00e4ume im Halbschlaf, unterbrochener Nachtschlaf sowie automatische, in Geistesabwesenheit ausgef\u00fchrte T\u00e4tigkeiten. Weil unbeabsichtigtes Einschlafen in un\u00fcblichen Situationen m\u00f6glich ist, wird Narkolepsie im Volksmund auch als Schlafkrankheit bezeichnet. Bei schwacher oder atypischer Auspr\u00e4gung der Symptome wird diese Schlaf-Wach-St\u00f6rung oft \u00fcber viele Jahre nicht erkannt und f\u00e4lschlicherweise als Faulheit oder psychische Auff\u00e4lligkeit gedeutet.<\/p>\n\n\n\n<p>Die spezifischen Abkl\u00e4rungsmethoden der Schlafmedizin erlauben heute dem schlafmedizinisch geschulten Mediziner, Narkolepsie klar von anderen St\u00f6rungen zu unterscheiden. In schlafmedizinischen Zentren wird Narkolepsie relativ h\u00e4ufig diagnostiziert, denn in der Schweiz leidet etwa eine von 2000 Personen an dieser Krankheit.<\/p>\n\n\n\n<p>Eine fr\u00fche Diagnose und Therapie sind hilfreich. Sie erm\u00f6glichen den Betroffenen ein weitgehend normales Leben.<\/p>\n","protected":false},"excerpt":{"rendered":"<p>Die Narkolepsie ist eine St\u00f6rung der Schlaf-Wach-Regulation. Sie zeigt sich mit Schlafattacken oder D\u00e4mmerzust\u00e4nden und mit kurzzeitiger Muskelschw\u00e4che bei intensiver Gef\u00fchlsregung. Weitere Symptome dieser St\u00f6rungn sind vor\u00fcbergehende Bewegungs- oder Sprechunf\u00e4higkeit an Schlaf-Wach-\u00dcberg\u00e4ngen, Angsttr\u00e4ume im Halbschlaf, unterbrochener Nachtschlaf sowie automatische, in Geistesabwesenheit ausgef\u00fchrte T\u00e4tigkeiten. Weil unbeabsichtigtes Einschlafen in un\u00fcblichen Situationen m\u00f6glich ist, wird Narkolepsie im Volksmund [&hellip;]<\/p>\n","protected":false},"author":1,"featured_media":0,"parent":0,"menu_order":0,"comment_status":"closed","ping_status":"closed","template":"","meta":{"footnotes":""},"class_list":["post-68","page","type-page","status-publish","hentry"],"_links":{"self":[{"href":"https:\/\/sleepmed.ch\/index.php\/wp-json\/wp\/v2\/pages\/68","targetHints":{"allow":["GET"]}}],"collection":[{"href":"https:\/\/sleepmed.ch\/index.php\/wp-json\/wp\/v2\/pages"}],"about":[{"href":"https:\/\/sleepmed.ch\/index.php\/wp-json\/wp\/v2\/types\/page"}],"author":[{"embeddable":true,"href":"https:\/\/sleepmed.ch\/index.php\/wp-json\/wp\/v2\/users\/1"}],"replies":[{"embeddable":true,"href":"https:\/\/sleepmed.ch\/index.php\/wp-json\/wp\/v2\/comments?post=68"}],"version-history":[{"count":5,"href":"https:\/\/sleepmed.ch\/index.php\/wp-json\/wp\/v2\/pages\/68\/revisions"}],"predecessor-version":[{"id":193,"href":"https:\/\/sleepmed.ch\/index.php\/wp-json\/wp\/v2\/pages\/68\/revisions\/193"}],"wp:attachment":[{"href":"https:\/\/sleepmed.ch\/index.php\/wp-json\/wp\/v2\/media?parent=68"}],"curies":[{"name":"wp","href":"https:\/\/api.w.org\/{rel}","templated":true}]}}