{"id":71,"date":"2024-05-20T14:36:30","date_gmt":"2024-05-20T12:36:30","guid":{"rendered":"https:\/\/sleepmed.ch\/?page_id=71"},"modified":"2024-06-07T20:18:25","modified_gmt":"2024-06-07T18:18:25","slug":"bewegungsdrang-in-den-beinen-restless-legs-syndrom","status":"publish","type":"page","link":"https:\/\/sleepmed.ch\/index.php\/bewegungsdrang-in-den-beinen-restless-legs-syndrom\/","title":{"rendered":"Bewegungsdrang in den Beinen, Restless-legs-Syndrom"},"content":{"rendered":"\n<p>Der englische Begriff \u00abRestless-legs-Syndrom\u00bb bezeichnet eine neurologische St\u00f6rung, die sich mit unangenehmen Empfindungen in den Beinen oder F\u00fcssen mit starkem Bewegungsdrang zeigt. <\/p>\n\n\n\n<p>Die Missempfindungen treten vorwiegend in Ruhe und w\u00e4hrend der Abend- und Nachtstunden auf. Wegen des unwiderstehlichen Drangs, die Beine zu bewegen, werden l\u00e4ngeres Sitzen oder Liegen zur Qual. Das Einschlafen wird durch die unangenehmen Empfindungen und h\u00e4ufigen Bewegungen der Beine stark gest\u00f6rt. Ruhiger Schlaf ist oft erst gegen den Morgen m\u00f6glich, weil die Symptome des Restless-legs-Syndroms mit dem Ansteigen der K\u00f6rpertemperatur in der zweiten Nachth\u00e4lfte nachlassen.<\/p>\n\n\n\n<p>Die St\u00f6rung tritt famili\u00e4r geh\u00e4uft auf, und oft Patienten behandeln ihr Leiden erfolgreich mit Hausmitteln wie Massieren, Duschen, Klopfen, Reiben und Bewegen der Beine. Wenn solche Massnahmen ungen\u00fcgend wirken, sollte \u00e4rztlicher Rat beigezogen werden, denn f\u00fcr die Behandlung des \u00abRestless-legs-Syndroms\u00bb stehen heute zuverl\u00e4ssige Medikamente zur Verf\u00fcgung.<\/p>\n","protected":false},"excerpt":{"rendered":"<p>Der englische Begriff \u00abRestless-legs-Syndrom\u00bb bezeichnet eine neurologische St\u00f6rung, die sich mit unangenehmen Empfindungen in den Beinen oder F\u00fcssen mit starkem Bewegungsdrang zeigt. Die Missempfindungen treten vorwiegend in Ruhe und w\u00e4hrend der Abend- und Nachtstunden auf. Wegen des unwiderstehlichen Drangs, die Beine zu bewegen, werden l\u00e4ngeres Sitzen oder Liegen zur Qual. Das Einschlafen wird durch die [&hellip;]<\/p>\n","protected":false},"author":1,"featured_media":0,"parent":0,"menu_order":0,"comment_status":"closed","ping_status":"closed","template":"","meta":{"footnotes":""},"class_list":["post-71","page","type-page","status-publish","hentry"],"_links":{"self":[{"href":"https:\/\/sleepmed.ch\/index.php\/wp-json\/wp\/v2\/pages\/71","targetHints":{"allow":["GET"]}}],"collection":[{"href":"https:\/\/sleepmed.ch\/index.php\/wp-json\/wp\/v2\/pages"}],"about":[{"href":"https:\/\/sleepmed.ch\/index.php\/wp-json\/wp\/v2\/types\/page"}],"author":[{"embeddable":true,"href":"https:\/\/sleepmed.ch\/index.php\/wp-json\/wp\/v2\/users\/1"}],"replies":[{"embeddable":true,"href":"https:\/\/sleepmed.ch\/index.php\/wp-json\/wp\/v2\/comments?post=71"}],"version-history":[{"count":3,"href":"https:\/\/sleepmed.ch\/index.php\/wp-json\/wp\/v2\/pages\/71\/revisions"}],"predecessor-version":[{"id":187,"href":"https:\/\/sleepmed.ch\/index.php\/wp-json\/wp\/v2\/pages\/71\/revisions\/187"}],"wp:attachment":[{"href":"https:\/\/sleepmed.ch\/index.php\/wp-json\/wp\/v2\/media?parent=71"}],"curies":[{"name":"wp","href":"https:\/\/api.w.org\/{rel}","templated":true}]}}