{"id":73,"date":"2024-05-20T14:36:56","date_gmt":"2024-05-20T12:36:56","guid":{"rendered":"https:\/\/sleepmed.ch\/?page_id=73"},"modified":"2024-06-07T20:21:23","modified_gmt":"2024-06-07T18:21:23","slug":"periodische-bewegungen-der-beine-im-schlaf","status":"publish","type":"page","link":"https:\/\/sleepmed.ch\/index.php\/periodische-bewegungen-der-beine-im-schlaf\/","title":{"rendered":"Periodische Bewegungen der Beine im Schlaf"},"content":{"rendered":"\n<p>\u00dcber 30 % der Personen im mittleren und h\u00f6heren Alter haben w\u00e4hrend des Schlafs Episoden mit rhythmisch wiederkehrenden Bewegungen der F\u00fcsse, der Beine oder Arme. Diese Bewegungen sind in der Regel langsam und wiederholen sich in einem Abstand von 20 bis 40 Sekunden. Die betroffenen Personen sind sich dieser unwillk\u00fcrlichen Bewegungen im Schlaf meist nicht bewusst. Sind die Bewegungen heftig, werden der Schlaf beeintr\u00e4chtigt und sein Erholungswert vermindert.<\/p>\n\n\n\n<p>Oft kommt erst in einer n\u00e4chtlichen Schlafregistrierung (Polysomnographie) zum Vorschein, dass Tagesschl\u00e4frigkeit oder Durchschlafst\u00f6rungen auf h\u00e4ufige Beinbewegungen im Schlaf zur\u00fcckzuf\u00fchren sind.  Zur Behandlung gibt es verschiedene medikament\u00f6se Therapien.<\/p>\n","protected":false},"excerpt":{"rendered":"<p>\u00dcber 30 % der Personen im mittleren und h\u00f6heren Alter haben w\u00e4hrend des Schlafs Episoden mit rhythmisch wiederkehrenden Bewegungen der F\u00fcsse, der Beine oder Arme. Diese Bewegungen sind in der Regel langsam und wiederholen sich in einem Abstand von 20 bis 40 Sekunden. Die betroffenen Personen sind sich dieser unwillk\u00fcrlichen Bewegungen im Schlaf meist nicht [&hellip;]<\/p>\n","protected":false},"author":1,"featured_media":0,"parent":0,"menu_order":0,"comment_status":"closed","ping_status":"closed","template":"","meta":{"footnotes":""},"class_list":["post-73","page","type-page","status-publish","hentry"],"_links":{"self":[{"href":"https:\/\/sleepmed.ch\/index.php\/wp-json\/wp\/v2\/pages\/73","targetHints":{"allow":["GET"]}}],"collection":[{"href":"https:\/\/sleepmed.ch\/index.php\/wp-json\/wp\/v2\/pages"}],"about":[{"href":"https:\/\/sleepmed.ch\/index.php\/wp-json\/wp\/v2\/types\/page"}],"author":[{"embeddable":true,"href":"https:\/\/sleepmed.ch\/index.php\/wp-json\/wp\/v2\/users\/1"}],"replies":[{"embeddable":true,"href":"https:\/\/sleepmed.ch\/index.php\/wp-json\/wp\/v2\/comments?post=73"}],"version-history":[{"count":2,"href":"https:\/\/sleepmed.ch\/index.php\/wp-json\/wp\/v2\/pages\/73\/revisions"}],"predecessor-version":[{"id":189,"href":"https:\/\/sleepmed.ch\/index.php\/wp-json\/wp\/v2\/pages\/73\/revisions\/189"}],"wp:attachment":[{"href":"https:\/\/sleepmed.ch\/index.php\/wp-json\/wp\/v2\/media?parent=73"}],"curies":[{"name":"wp","href":"https:\/\/api.w.org\/{rel}","templated":true}]}}