{"id":8,"date":"2024-01-31T16:27:35","date_gmt":"2024-01-31T15:27:35","guid":{"rendered":"https:\/\/sleepmed.ch\/?page_id=8"},"modified":"2024-06-07T19:31:48","modified_gmt":"2024-06-07T17:31:48","slug":"schlafmedizin","status":"publish","type":"page","link":"https:\/\/sleepmed.ch\/index.php\/schlafmedizin\/","title":{"rendered":"Wie Ihnen Schlafmedizin hilft"},"content":{"rendered":"\n<p>Schlafst\u00f6rungen sind zahlreich und vielf\u00e4ltig \u2013 und nur allzu oft allt\u00e4glich. In den letzten Jahren ist deutlich geworden, dass Schlafprobleme und schlafabh\u00e4ngige Tagesbeschwerden am besten durch Spezialisten abgekl\u00e4rt werden. Sie sind in der Diagnostik und der Therapie aller Schlafst\u00f6rungen ausgebildet verf\u00fcgen \u00fcber die notwendige Erfahrung.<\/p>\n\n\n\n<p>Schlafst\u00f6rungen haben zwar unterschiedlichste Ursachen, die Betroffenen aber klagen meist \u00fcber sehr \u00e4hnliche Beschwerden: Tagesm\u00fcdigkeit, Schl\u00e4frigkeit und Schlaflosigkeit in den verschiedensten Auspr\u00e4gungen. St\u00f6rungen des Schlafes werden in \u00fcber 90 verschiedene Krankheitsbilder eingeteilt \u2013 f\u00fcr die es fast immer wirksame Therapien gibt. Voraussetzung f\u00fcr die erfolgreiche Therapie ist eine schlafmedizinische Differentialdiagnose, die umfassende und pr\u00e4zise Erhebung der Symptome und der Krankengeschichte in einer Schlafsprechstunde und eventuell eine \u00fcberwachte Schlafregistrierung, eine Polysomnographie. Von grosser Bedeutung ist es, bei der Diagnostik und in der Therapie \u00fcber den Tellerrand hinauszuschauen: Bei Bedarf werden Fach\u00e4rzte anderer medizinischer Disziplinen beigezogen, denn manchmal liegen die Ursachen der Schlafst\u00f6rungen nicht da, wo man sie anf\u00e4nglich vermutet hat.<\/p>\n","protected":false},"excerpt":{"rendered":"<p>Schlafst\u00f6rungen sind zahlreich und vielf\u00e4ltig \u2013 und nur allzu oft allt\u00e4glich. In den letzten Jahren ist deutlich geworden, dass Schlafprobleme und schlafabh\u00e4ngige Tagesbeschwerden am besten durch Spezialisten abgekl\u00e4rt werden. Sie sind in der Diagnostik und der Therapie aller Schlafst\u00f6rungen ausgebildet verf\u00fcgen \u00fcber die notwendige Erfahrung. Schlafst\u00f6rungen haben zwar unterschiedlichste Ursachen, die Betroffenen aber klagen meist [&hellip;]<\/p>\n","protected":false},"author":1,"featured_media":0,"parent":0,"menu_order":0,"comment_status":"closed","ping_status":"closed","template":"","meta":{"footnotes":""},"class_list":["post-8","page","type-page","status-publish","hentry"],"_links":{"self":[{"href":"https:\/\/sleepmed.ch\/index.php\/wp-json\/wp\/v2\/pages\/8","targetHints":{"allow":["GET"]}}],"collection":[{"href":"https:\/\/sleepmed.ch\/index.php\/wp-json\/wp\/v2\/pages"}],"about":[{"href":"https:\/\/sleepmed.ch\/index.php\/wp-json\/wp\/v2\/types\/page"}],"author":[{"embeddable":true,"href":"https:\/\/sleepmed.ch\/index.php\/wp-json\/wp\/v2\/users\/1"}],"replies":[{"embeddable":true,"href":"https:\/\/sleepmed.ch\/index.php\/wp-json\/wp\/v2\/comments?post=8"}],"version-history":[{"count":5,"href":"https:\/\/sleepmed.ch\/index.php\/wp-json\/wp\/v2\/pages\/8\/revisions"}],"predecessor-version":[{"id":168,"href":"https:\/\/sleepmed.ch\/index.php\/wp-json\/wp\/v2\/pages\/8\/revisions\/168"}],"wp:attachment":[{"href":"https:\/\/sleepmed.ch\/index.php\/wp-json\/wp\/v2\/media?parent=8"}],"curies":[{"name":"wp","href":"https:\/\/api.w.org\/{rel}","templated":true}]}}