{"id":94,"date":"2024-05-20T14:51:31","date_gmt":"2024-05-20T12:51:31","guid":{"rendered":"https:\/\/sleepmed.ch\/?page_id=94"},"modified":"2025-09-30T09:00:49","modified_gmt":"2025-09-30T07:00:49","slug":"mitarbeiterinnen","status":"publish","type":"page","link":"https:\/\/sleepmed.ch\/index.php\/mitarbeiterinnen\/","title":{"rendered":"Unsere Mitarbeiterinnen"},"content":{"rendered":"\n<p><strong>Sekretariat<\/strong><\/p>\n\n\n\n<div class=\"wp-block-columns is-layout-flex wp-container-core-columns-is-layout-9d6595d7 wp-block-columns-is-layout-flex\">\n<div class=\"wp-block-column is-layout-flow wp-block-column-is-layout-flow\">\n<figure class=\"wp-block-image size-full\"><img loading=\"lazy\" decoding=\"async\" width=\"377\" height=\"480\" src=\"https:\/\/sleepmed.ch\/wp-content\/uploads\/2025\/05\/Salmani-Ajla.png\" alt=\"\" class=\"wp-image-409\" srcset=\"https:\/\/sleepmed.ch\/wp-content\/uploads\/2025\/05\/Salmani-Ajla.png 377w, https:\/\/sleepmed.ch\/wp-content\/uploads\/2025\/05\/Salmani-Ajla-236x300.png 236w\" sizes=\"auto, (max-width: 377px) 100vw, 377px\" \/><\/figure>\n\n\n\n<p>Salmani Ajla<br>Leitung Sekretariat<\/p>\n<\/div>\n\n\n\n<div class=\"wp-block-column is-layout-flow wp-block-column-is-layout-flow\">\n<figure class=\"wp-block-image size-full\"><img loading=\"lazy\" decoding=\"async\" width=\"377\" height=\"480\" src=\"https:\/\/sleepmed.ch\/wp-content\/uploads\/2025\/06\/Diellza-Jasari.jpg\" alt=\"\" class=\"wp-image-419\" srcset=\"https:\/\/sleepmed.ch\/wp-content\/uploads\/2025\/06\/Diellza-Jasari.jpg 377w, https:\/\/sleepmed.ch\/wp-content\/uploads\/2025\/06\/Diellza-Jasari-236x300.jpg 236w\" sizes=\"auto, (max-width: 377px) 100vw, 377px\" \/><\/figure>\n\n\n\n<p>Diellza Jasari<br>Arztsekret\u00e4rin<br><br><\/p>\n<\/div>\n\n\n\n<div class=\"wp-block-column is-layout-flow wp-block-column-is-layout-flow\">\n<p><\/p>\n<\/div>\n<\/div>\n\n\n\n<p><strong>Fachkr\u00e4fte f\u00fcr Schlaftechnik<\/strong><\/p>\n\n\n\n<div class=\"wp-block-columns is-layout-flex wp-container-core-columns-is-layout-9d6595d7 wp-block-columns-is-layout-flex\">\n<div class=\"wp-block-column is-layout-flow wp-block-column-is-layout-flow\">\n<figure class=\"wp-block-image size-full\"><img loading=\"lazy\" decoding=\"async\" width=\"380\" height=\"481\" src=\"https:\/\/sleepmed.ch\/wp-content\/uploads\/2025\/05\/Shah.png\" alt=\"\" class=\"wp-image-382\" srcset=\"https:\/\/sleepmed.ch\/wp-content\/uploads\/2025\/05\/Shah.png 380w, https:\/\/sleepmed.ch\/wp-content\/uploads\/2025\/05\/Shah-237x300.png 237w\" sizes=\"auto, (max-width: 380px) 100vw, 380px\" \/><\/figure>\n\n\n\n<p>Shah Brigitte<br>sc. nat., Schlafmedizinische Technikerin<\/p>\n<\/div>\n\n\n\n<div class=\"wp-block-column is-layout-flow wp-block-column-is-layout-flow\">\n<figure class=\"wp-block-image size-full\"><img loading=\"lazy\" decoding=\"async\" width=\"381\" height=\"480\" src=\"https:\/\/sleepmed.ch\/wp-content\/uploads\/2025\/05\/Menevis.png\" alt=\"\" class=\"wp-image-386\" srcset=\"https:\/\/sleepmed.ch\/wp-content\/uploads\/2025\/05\/Menevis.png 381w, https:\/\/sleepmed.ch\/wp-content\/uploads\/2025\/05\/Menevis-238x300.png 238w\" sizes=\"auto, (max-width: 381px) 100vw, 381px\" \/><\/figure>\n\n\n\n<p>Menevis Hripsime<br>Schlafmedizinische Technikerin FND<\/p>\n<\/div>\n\n\n\n<div class=\"wp-block-column is-layout-flow wp-block-column-is-layout-flow\">\n<figure class=\"wp-block-image size-full\"><img loading=\"lazy\" decoding=\"async\" width=\"377\" height=\"481\" src=\"https:\/\/sleepmed.ch\/wp-content\/uploads\/2025\/05\/Sheremet.png\" alt=\"\" class=\"wp-image-381\" srcset=\"https:\/\/sleepmed.ch\/wp-content\/uploads\/2025\/05\/Sheremet.png 377w, https:\/\/sleepmed.ch\/wp-content\/uploads\/2025\/05\/Sheremet-235x300.png 235w\" sizes=\"auto, (max-width: 377px) 100vw, 377px\" \/><\/figure>\n\n\n\n<p>Sheremet Kasiet<br>Schlafmedizinische Technikerin<\/p>\n<\/div>\n<\/div>\n\n\n\n<div class=\"wp-block-columns is-layout-flex wp-container-core-columns-is-layout-9d6595d7 wp-block-columns-is-layout-flex\">\n<div class=\"wp-block-column is-layout-flow wp-block-column-is-layout-flow\">\n<figure class=\"wp-block-image size-full\"><img loading=\"lazy\" decoding=\"async\" width=\"377\" height=\"480\" src=\"https:\/\/sleepmed.ch\/wp-content\/uploads\/2025\/09\/Jesse.jpg\" alt=\"\" class=\"wp-image-434\" srcset=\"https:\/\/sleepmed.ch\/wp-content\/uploads\/2025\/09\/Jesse.jpg 377w, https:\/\/sleepmed.ch\/wp-content\/uploads\/2025\/09\/Jesse-236x300.jpg 236w\" sizes=\"auto, (max-width: 377px) 100vw, 377px\" \/><\/figure>\n\n\n\n<p>Susanne Jesse<br>Schlafmedizinische Technikerin FND<\/p>\n<\/div>\n\n\n\n<div class=\"wp-block-column is-layout-flow wp-block-column-is-layout-flow\"><\/div>\n\n\n\n<div class=\"wp-block-column is-layout-flow wp-block-column-is-layout-flow\"><\/div>\n<\/div>\n\n\n\n<p><strong>Fachkr\u00e4fte im Schlaflabor<\/strong><\/p>\n\n\n\n<div class=\"wp-block-columns is-layout-flex wp-container-core-columns-is-layout-9d6595d7 wp-block-columns-is-layout-flex\">\n<div class=\"wp-block-column is-layout-flow wp-block-column-is-layout-flow\">\n<figure class=\"wp-block-image size-full\"><img loading=\"lazy\" decoding=\"async\" width=\"377\" height=\"480\" src=\"https:\/\/sleepmed.ch\/wp-content\/uploads\/2025\/05\/Schneider-Anita.png\" alt=\"\" class=\"wp-image-408\" srcset=\"https:\/\/sleepmed.ch\/wp-content\/uploads\/2025\/05\/Schneider-Anita.png 377w, https:\/\/sleepmed.ch\/wp-content\/uploads\/2025\/05\/Schneider-Anita-236x300.png 236w\" sizes=\"auto, (max-width: 377px) 100vw, 377px\" \/><\/figure>\n\n\n\n<p>Schneider Anita<\/p>\n<\/div>\n\n\n\n<div class=\"wp-block-column is-layout-flow wp-block-column-is-layout-flow\">\n<figure class=\"wp-block-image size-full\"><img loading=\"lazy\" decoding=\"async\" width=\"377\" height=\"480\" src=\"https:\/\/sleepmed.ch\/wp-content\/uploads\/2025\/05\/Hasler-Manuela.png\" alt=\"\" class=\"wp-image-407\" srcset=\"https:\/\/sleepmed.ch\/wp-content\/uploads\/2025\/05\/Hasler-Manuela.png 377w, https:\/\/sleepmed.ch\/wp-content\/uploads\/2025\/05\/Hasler-Manuela-236x300.png 236w\" sizes=\"auto, (max-width: 377px) 100vw, 377px\" \/><\/figure>\n\n\n\n<p>Hasler Manuela<\/p>\n<\/div>\n\n\n\n<div class=\"wp-block-column is-layout-flow wp-block-column-is-layout-flow\">\n<figure class=\"wp-block-image size-full\"><img loading=\"lazy\" decoding=\"async\" width=\"377\" height=\"480\" src=\"https:\/\/sleepmed.ch\/wp-content\/uploads\/2025\/05\/Haxhiu-Albina.png\" alt=\"\" class=\"wp-image-406\" srcset=\"https:\/\/sleepmed.ch\/wp-content\/uploads\/2025\/05\/Haxhiu-Albina.png 377w, https:\/\/sleepmed.ch\/wp-content\/uploads\/2025\/05\/Haxhiu-Albina-236x300.png 236w\" sizes=\"auto, (max-width: 377px) 100vw, 377px\" \/><\/figure>\n\n\n\n<p>Haxhiu Albina<\/p>\n<\/div>\n<\/div>\n\n\n\n<div class=\"wp-block-columns is-layout-flex wp-container-core-columns-is-layout-9d6595d7 wp-block-columns-is-layout-flex\">\n<div class=\"wp-block-column is-layout-flow wp-block-column-is-layout-flow\">\n<figure class=\"wp-block-image size-full\"><img loading=\"lazy\" decoding=\"async\" width=\"380\" height=\"480\" src=\"https:\/\/sleepmed.ch\/wp-content\/uploads\/2025\/05\/Isler.png\" alt=\"\" class=\"wp-image-377\" srcset=\"https:\/\/sleepmed.ch\/wp-content\/uploads\/2025\/05\/Isler.png 380w, https:\/\/sleepmed.ch\/wp-content\/uploads\/2025\/05\/Isler-238x300.png 238w\" sizes=\"auto, (max-width: 380px) 100vw, 380px\" \/><\/figure>\n\n\n\n<p>Isler Elsbeth<\/p>\n<\/div>\n\n\n\n<div class=\"wp-block-column is-layout-flow wp-block-column-is-layout-flow\">\n<figure class=\"wp-block-image size-full\"><img loading=\"lazy\" decoding=\"async\" width=\"377\" height=\"480\" src=\"https:\/\/sleepmed.ch\/wp-content\/uploads\/2025\/05\/Kastrati-Zelfi.png\" alt=\"\" class=\"wp-image-405\" srcset=\"https:\/\/sleepmed.ch\/wp-content\/uploads\/2025\/05\/Kastrati-Zelfi.png 377w, https:\/\/sleepmed.ch\/wp-content\/uploads\/2025\/05\/Kastrati-Zelfi-236x300.png 236w\" sizes=\"auto, (max-width: 377px) 100vw, 377px\" \/><\/figure>\n\n\n\n<p>Kastrati Zelfi<\/p>\n<\/div>\n\n\n\n<div class=\"wp-block-column is-layout-flow wp-block-column-is-layout-flow\">\n<figure class=\"wp-block-image size-full\"><img loading=\"lazy\" decoding=\"async\" width=\"380\" height=\"478\" src=\"https:\/\/sleepmed.ch\/wp-content\/uploads\/2025\/05\/Metzger.png\" alt=\"\" class=\"wp-image-385\" srcset=\"https:\/\/sleepmed.ch\/wp-content\/uploads\/2025\/05\/Metzger.png 380w, https:\/\/sleepmed.ch\/wp-content\/uploads\/2025\/05\/Metzger-238x300.png 238w\" sizes=\"auto, (max-width: 380px) 100vw, 380px\" \/><\/figure>\n\n\n\n<p>Metzger Susanne<\/p>\n<\/div>\n<\/div>\n\n\n\n<div class=\"wp-block-columns is-layout-flex wp-container-core-columns-is-layout-9d6595d7 wp-block-columns-is-layout-flex\">\n<div class=\"wp-block-column is-layout-flow wp-block-column-is-layout-flow\">\n<figure class=\"wp-block-image size-full\"><img loading=\"lazy\" decoding=\"async\" width=\"377\" height=\"480\" src=\"https:\/\/sleepmed.ch\/wp-content\/uploads\/2025\/09\/Pikulina.jpg\" alt=\"\" class=\"wp-image-433\" srcset=\"https:\/\/sleepmed.ch\/wp-content\/uploads\/2025\/09\/Pikulina.jpg 377w, https:\/\/sleepmed.ch\/wp-content\/uploads\/2025\/09\/Pikulina-236x300.jpg 236w\" sizes=\"auto, (max-width: 377px) 100vw, 377px\" \/><\/figure>\n\n\n\n<p>Eva Pikulina<\/p>\n<\/div>\n\n\n\n<div class=\"wp-block-column is-layout-flow wp-block-column-is-layout-flow\">\n<figure class=\"wp-block-image size-full\"><img loading=\"lazy\" decoding=\"async\" width=\"377\" height=\"480\" src=\"https:\/\/sleepmed.ch\/wp-content\/uploads\/2025\/09\/Nussbaumer.jpeg\" alt=\"\" class=\"wp-image-432\" srcset=\"https:\/\/sleepmed.ch\/wp-content\/uploads\/2025\/09\/Nussbaumer.jpeg 377w, https:\/\/sleepmed.ch\/wp-content\/uploads\/2025\/09\/Nussbaumer-236x300.jpeg 236w\" sizes=\"auto, (max-width: 377px) 100vw, 377px\" \/><\/figure>\n\n\n\n<p>Florence Nussbaumer<\/p>\n<\/div>\n\n\n\n<div class=\"wp-block-column is-layout-flow wp-block-column-is-layout-flow\">\n<figure class=\"wp-block-image size-full\"><img loading=\"lazy\" decoding=\"async\" width=\"377\" height=\"480\" src=\"https:\/\/sleepmed.ch\/wp-content\/uploads\/2025\/05\/user.png\" alt=\"\" class=\"wp-image-395\" srcset=\"https:\/\/sleepmed.ch\/wp-content\/uploads\/2025\/05\/user.png 377w, https:\/\/sleepmed.ch\/wp-content\/uploads\/2025\/05\/user-236x300.png 236w\" sizes=\"auto, (max-width: 377px) 100vw, 377px\" \/><\/figure>\n\n\n\n<p>Vargas Leonardo<\/p>\n<\/div>\n<\/div>\n\n\n\n<div class=\"wp-block-columns is-layout-flex wp-container-core-columns-is-layout-9d6595d7 wp-block-columns-is-layout-flex\">\n<div class=\"wp-block-column is-layout-flow wp-block-column-is-layout-flow\">\n<figure class=\"wp-block-image size-full\"><img loading=\"lazy\" decoding=\"async\" width=\"377\" height=\"480\" src=\"https:\/\/sleepmed.ch\/wp-content\/uploads\/2025\/05\/user.png\" alt=\"\" class=\"wp-image-395\" srcset=\"https:\/\/sleepmed.ch\/wp-content\/uploads\/2025\/05\/user.png 377w, https:\/\/sleepmed.ch\/wp-content\/uploads\/2025\/05\/user-236x300.png 236w\" sizes=\"auto, (max-width: 377px) 100vw, 377px\" \/><\/figure>\n\n\n\n<p>Zoller Jan<\/p>\n<\/div>\n\n\n\n<div class=\"wp-block-column is-layout-flow wp-block-column-is-layout-flow\">\n<p><\/p>\n<\/div>\n\n\n\n<div class=\"wp-block-column is-layout-flow wp-block-column-is-layout-flow\">\n<p><\/p>\n<\/div>\n<\/div>\n\n\n\n<div class=\"wp-block-columns is-layout-flex wp-container-core-columns-is-layout-9d6595d7 wp-block-columns-is-layout-flex\">\n<div class=\"wp-block-column is-layout-flow wp-block-column-is-layout-flow\"><\/div>\n\n\n\n<div class=\"wp-block-column is-layout-flow wp-block-column-is-layout-flow\"><\/div>\n<\/div>\n","protected":false},"excerpt":{"rendered":"<p>Sekretariat Salmani AjlaLeitung Sekretariat Diellza JasariArztsekret\u00e4rin Fachkr\u00e4fte f\u00fcr Schlaftechnik Shah Brigittesc. nat., Schlafmedizinische Technikerin Menevis HripsimeSchlafmedizinische Technikerin FND Sheremet KasietSchlafmedizinische Technikerin Susanne JesseSchlafmedizinische Technikerin FND Fachkr\u00e4fte im Schlaflabor Schneider Anita Hasler Manuela Haxhiu Albina Isler Elsbeth Kastrati Zelfi Metzger Susanne Eva Pikulina Florence Nussbaumer Vargas Leonardo Zoller Jan<\/p>\n","protected":false},"author":1,"featured_media":0,"parent":0,"menu_order":0,"comment_status":"closed","ping_status":"closed","template":"","meta":{"footnotes":""},"class_list":["post-94","page","type-page","status-publish","hentry"],"_links":{"self":[{"href":"https:\/\/sleepmed.ch\/index.php\/wp-json\/wp\/v2\/pages\/94","targetHints":{"allow":["GET"]}}],"collection":[{"href":"https:\/\/sleepmed.ch\/index.php\/wp-json\/wp\/v2\/pages"}],"about":[{"href":"https:\/\/sleepmed.ch\/index.php\/wp-json\/wp\/v2\/types\/page"}],"author":[{"embeddable":true,"href":"https:\/\/sleepmed.ch\/index.php\/wp-json\/wp\/v2\/users\/1"}],"replies":[{"embeddable":true,"href":"https:\/\/sleepmed.ch\/index.php\/wp-json\/wp\/v2\/comments?post=94"}],"version-history":[{"count":18,"href":"https:\/\/sleepmed.ch\/index.php\/wp-json\/wp\/v2\/pages\/94\/revisions"}],"predecessor-version":[{"id":438,"href":"https:\/\/sleepmed.ch\/index.php\/wp-json\/wp\/v2\/pages\/94\/revisions\/438"}],"wp:attachment":[{"href":"https:\/\/sleepmed.ch\/index.php\/wp-json\/wp\/v2\/media?parent=94"}],"curies":[{"name":"wp","href":"https:\/\/api.w.org\/{rel}","templated":true}]}}